{"id":192,"date":"2025-11-24T12:14:30","date_gmt":"2025-11-24T12:14:30","guid":{"rendered":"https:\/\/invazky.daphne.sk\/?page_id=192"},"modified":"2026-04-09T10:55:06","modified_gmt":"2026-04-09T10:55:06","slug":"zasady-pouzivania-suborov-cookie-eu","status":"publish","type":"page","link":"https:\/\/invazky.daphne.sk\/cs\/zasady-pouzivania-suborov-cookie-eu\/","title":{"rendered":"Z\u00e1sady pou\u017e\u00edv\u00e1n\u00ed soubor\u016f cookie"},"content":{"rendered":"\n<h1 class=\"wp-block-heading\">Z\u00e1sady pou\u017e\u00edv\u00e1n\u00ed soubor\u016f cookie<\/h1>\n\n\n\n<p>D\u00e1tum \u00fa\u010dinnosti: 24. november 2025<\/p>\n\n\n\n<p>Posledn\u00e1 aktualiz\u00e1cia: 24. november 2025<\/p>\n\n\n\n<h2 class=\"wp-block-heading\">Co jsou soubory cookie?<\/h2>\n\n\n\n<p>Tyto z\u00e1sady pou\u017e\u00edv\u00e1n\u00ed soubor\u016f cookie vysv\u011btluj\u00ed, co jsou soubory cookie, jak je pou\u017e\u00edv\u00e1me, jak\u00e9 typy soubor\u016f cookie pou\u017e\u00edv\u00e1me (tj. jak\u00e9 informace pomoc\u00ed soubor\u016f cookie shroma\u017e\u010fujeme a jak jsou tyto informace pou\u017e\u00edv\u00e1ny) a jak spravovat va\u0161e nastaven\u00ed soubor\u016f cookie.<\/p>\n\n\n\n<p>Soubory cookie jsou mal\u00e9 textov\u00e9 soubory pou\u017e\u00edvan\u00e9 k ukl\u00e1d\u00e1n\u00ed mal\u00fdch \u010d\u00e1st\u00ed informac\u00ed. Ukl\u00e1daj\u00ed se do va\u0161eho za\u0159\u00edzen\u00ed, kdy\u017e se webov\u00e1 str\u00e1nka na\u010dte ve va\u0161em prohl\u00ed\u017ee\u010di. Tyto soubory cookie pom\u00e1haj\u00ed zajistit spr\u00e1vn\u00e9 fungov\u00e1n\u00ed webov\u00e9 str\u00e1nky, zvy\u0161uj\u00ed bezpe\u010dnost, poskytuj\u00ed lep\u0161\u00ed u\u017eivatelsk\u00fd z\u00e1\u017eitek a analyzuj\u00ed v\u00fdkon, aby identifikovaly, co funguje a kde jsou pot\u0159eba zlep\u0161en\u00ed.<\/p>\n\n\n\n<h2 class=\"wp-block-heading\">Jak pou\u017e\u00edv\u00e1me soubory cookie?<\/h2>\n\n\n\n<p>Stejn\u011b jako v\u011bt\u0161ina online slu\u017eeb i na\u0161e webov\u00e1 str\u00e1nka pou\u017e\u00edv\u00e1 soubory cookie od prvn\u00edch i t\u0159et\u00edch stran k r\u016fzn\u00fdm \u00fa\u010del\u016fm. Soubory cookie od prvn\u00edch stran jsou nezbytn\u00e9 p\u0159edev\u0161\u00edm pro spr\u00e1vn\u00e9 fungov\u00e1n\u00ed webov\u00e9 str\u00e1nky a neshroma\u017e\u010fuj\u00ed \u017e\u00e1dn\u00e9 osobn\u00ed \u00fadaje.<\/p>\n\n\n\n<p>Soubory cookie t\u0159et\u00edch stran pou\u017e\u00edvan\u00e9 na na\u0161em webu n\u00e1m prim\u00e1rn\u011b pom\u00e1haj\u00ed pochopit, jak web funguje, sledovat, jak s n\u00edm interagujete, udr\u017eovat na\u0161e slu\u017eby v bezpe\u010d\u00ed a zlep\u0161ovat va\u0161i celkovou u\u017eivatelskou zku\u0161enost t\u00edm, \u017ee zrychlujeme va\u0161e<\/p>\n\n\n\n<p> <\/p>\n\n\n\n<h2 class=\"wp-block-heading\">Typy soubor\u016f cookie, kter\u00e9 pou\u017e\u00edv\u00e1me<\/h2>\n\n\n<div class=\"cky-audit-table-element\"><\/div>\n\n\n<h2 class=\"wp-block-heading\">Spr\u00e1va preferenc\u00ed soubor\u016f cookie<\/h2>\n\n\n\n<p><\/p>\n\n\n\n<p><a class=\"cky-banner-element\">Preference souhlasu<\/a><\/p>\n\n\n\n<p>Sv\u00e9 nastaven\u00ed soubor\u016f cookie m\u016f\u017eete kdykoli upravit kliknut\u00edm na tla\u010d\u00edtko \u201eP\u0159edvolby souhlasu\u201c v\u00fd\u0161e. To v\u00e1m umo\u017en\u00ed znovu otev\u0159\u00edt banner se souhlasem se soubory cookie a aktualizovat sv\u00e9 p\u0159edvolby nebo okam\u017eit\u011b odvolat sv\u016fj souhlas.<\/p>\n\n\n\n<p>Krom\u011b toho r\u016fzn\u00e9 prohl\u00ed\u017ee\u010de nab\u00edzej\u00ed r\u016fzn\u00e9 zp\u016fsoby blokov\u00e1n\u00ed a maz\u00e1n\u00ed soubor\u016f cookie pou\u017e\u00edvan\u00fdch webov\u00fdmi str\u00e1nkami. M\u016f\u017eete upravit nastaven\u00ed sv\u00e9ho prohl\u00ed\u017ee\u010de tak, aby blokoval nebo mazal soubory cookie. N\u00ed\u017ee naleznete odkazy na podp\u016frn\u00e9 dokumenty o tom, jak spravovat a mazat soubory cookie v hlavn\u00edch webov\u00fdch prohl\u00ed\u017ee\u010d\u00edch.<\/p>\n\n\n\n<p>Chrome: <a target=\"_blank\" rel=\"noreferrer noopener\" href=\"https:\/\/support.google.com\/accounts\/answer\/32050\">https:\/\/support.google.com\/accounts\/answer\/32050<\/a><\/p>\n\n\n\n<p>Safari: <a target=\"_blank\" rel=\"noreferrer noopener\" href=\"https:\/\/support.apple.com\/en-in\/guide\/safari\/sfri11471\/mac\">https:\/\/support.apple.com\/en-in\/guide\/safari\/sfri11471\/mac<\/a><\/p>\n\n\n\n<p>Firefox: <a target=\"_blank\" rel=\"noreferrer noopener\" href=\"https:\/\/support.mozilla.org\/en-US\/kb\/clear-cookies-and-site-data-firefox?redirectslug=delete-cookies-remove-info-websites-stored&amp;redirectlocale=en-US\">https:\/\/support.mozilla.org\/en-US\/kb\/clear-cookies-and-site-data-firefox?redirectslug=delete-cookies-remove-info-websites-stored&amp;redirectlocale=en-US<\/a><\/p>\n\n\n\n<p>Internet Explorer: <a target=\"_blank\" rel=\"noreferrer noopener\" href=\"https:\/\/support.microsoft.com\/en-us\/topic\/how-to-delete-cookie-files-in-internet-explorer-bca9446f-d873-78de-77ba-d42645fa52fc\">https:\/\/support.microsoft.com\/en-us\/topic\/how-to-delete-cookie-files-in-internet-explorer-bca9446f-d873-78de-77ba-d42645fa52fc<\/a><\/p>\n\n\n\n<p>Pokud pou\u017e\u00edv\u00e1te jin\u00fd webov\u00fd prohl\u00ed\u017ee\u010d, p\u0159e\u010dt\u011bte si pros\u00edm jeho ofici\u00e1ln\u00ed dokumentaci k podpo\u0159e.<\/p>\n\n\n\n<p>Z\u00e1sady pou\u017e\u00edv\u00e1n\u00ed soubor\u016f cookie vygenerovan\u00e9 pomoc\u00ed <a href=\"https:\/\/www.cookieyes.com\/?utm_source=CP&amp;utm_medium=footer&amp;utm_campaign=UW\" target=\"_blank\" rel=\"noreferrer noopener\">CookieYes - Gener\u00e1tor z\u00e1sad pou\u017e\u00edvania s\u00faborov cookie<\/a><\/p>\n","protected":false},"excerpt":{"rendered":"<p>Z\u00e1sady pou\u017e\u00edv\u00e1n\u00ed soubor\u016f cookie D\u00e1tum \u00fa\u010dinnosti: 24. november 2025 Posledn\u00e1 aktualiz\u00e1cia: 24. november 2025 Co jsou soubory cookie? Tyto z\u00e1sady pou\u017e\u00edv\u00e1n\u00ed soubor\u016f cookie vysv\u011btluj\u00ed, co jsou soubory cookie, jak je pou\u017e\u00edv\u00e1me, jak\u00e9 typy soubor\u016f cookie pou\u017e\u00edv\u00e1me (tj. jak\u00e9 informace pomoc\u00ed soubor\u016f cookie shroma\u017e\u010fujeme a jak jsou tyto informace pou\u017e\u00edv\u00e1ny) a jak spravovat va\u0161e nastaven\u00ed soubor\u016f [&hellip;]<\/p>\n","protected":false},"author":1,"featured_media":0,"parent":0,"menu_order":0,"comment_status":"closed","ping_status":"closed","template":"","meta":{"_acf_changed":false,"footnotes":""},"class_list":["post-192","page","type-page","status-publish","hentry"],"acf":[],"yoast_head":"<!-- This site is optimized with the Yoast SEO plugin v26.4 - https:\/\/yoast.com\/wordpress\/plugins\/seo\/ -->\n<title>Z\u00e1sady pou\u017e\u00edv\u00e1n\u00ed soubor\u016f cookie - Inv\u00e1zne rastliny<\/title>\n<meta name=\"robots\" content=\"index, follow, max-snippet:-1, max-image-preview:large, max-video-preview:-1\" \/>\n<link rel=\"canonical\" href=\"https:\/\/invazky.daphne.sk\/cs\/zasady-pouzivania-suborov-cookie-eu\/\" \/>\n<meta property=\"og:locale\" content=\"cs_CZ\" \/>\n<meta property=\"og:type\" content=\"article\" \/>\n<meta property=\"og:title\" content=\"Z\u00e1sady pou\u017e\u00edv\u00e1n\u00ed soubor\u016f cookie - Inv\u00e1zne rastliny\" \/>\n<meta property=\"og:description\" content=\"Z\u00e1sady pou\u017e\u00edv\u00e1n\u00ed soubor\u016f cookie D\u00e1tum \u00fa\u010dinnosti: 24. november 2025 Posledn\u00e1 aktualiz\u00e1cia: 24. november 2025 Co jsou soubory cookie? Tyto z\u00e1sady pou\u017e\u00edv\u00e1n\u00ed soubor\u016f cookie vysv\u011btluj\u00ed, co jsou soubory cookie, jak je pou\u017e\u00edv\u00e1me, jak\u00e9 typy soubor\u016f cookie pou\u017e\u00edv\u00e1me (tj. jak\u00e9 informace pomoc\u00ed soubor\u016f cookie shroma\u017e\u010fujeme a jak jsou tyto informace pou\u017e\u00edv\u00e1ny) a jak spravovat va\u0161e nastaven\u00ed soubor\u016f [&hellip;]\" \/>\n<meta property=\"og:url\" content=\"https:\/\/invazky.daphne.sk\/cs\/zasady-pouzivania-suborov-cookie-eu\/\" \/>\n<meta property=\"og:site_name\" content=\"Inv\u00e1zne rastliny\" \/>\n<meta property=\"article:modified_time\" content=\"2026-04-09T10:55:06+00:00\" \/>\n<meta name=\"twitter:card\" content=\"summary_large_image\" \/>\n<meta name=\"twitter:label1\" content=\"Odhadovan\u00e1 doba \u010dten\u00ed\" \/>\n\t<meta name=\"twitter:data1\" content=\"4 minuty\" \/>\n<script type=\"application\/ld+json\" class=\"yoast-schema-graph\">{\"@context\":\"https:\/\/schema.org\",\"@graph\":[{\"@type\":\"WebPage\",\"@id\":\"https:\/\/invazky.daphne.sk\/cs\/zasady-pouzivania-suborov-cookie-eu\/\",\"url\":\"https:\/\/invazky.daphne.sk\/cs\/zasady-pouzivania-suborov-cookie-eu\/\",\"name\":\"Z\u00e1sady pou\u017e\u00edv\u00e1n\u00ed soubor\u016f cookie - Inv\u00e1zne rastliny\",\"isPartOf\":{\"@id\":\"https:\/\/invazky.daphne.sk\/cs\/#website\"},\"datePublished\":\"2025-11-24T12:14:30+00:00\",\"dateModified\":\"2026-04-09T10:55:06+00:00\",\"breadcrumb\":{\"@id\":\"https:\/\/invazky.daphne.sk\/cs\/zasady-pouzivania-suborov-cookie-eu\/#breadcrumb\"},\"inLanguage\":\"cs\",\"potentialAction\":[{\"@type\":\"ReadAction\",\"target\":[\"https:\/\/invazky.daphne.sk\/cs\/zasady-pouzivania-suborov-cookie-eu\/\"]}]},{\"@type\":\"BreadcrumbList\",\"@id\":\"https:\/\/invazky.daphne.sk\/cs\/zasady-pouzivania-suborov-cookie-eu\/#breadcrumb\",\"itemListElement\":[{\"@type\":\"ListItem\",\"position\":1,\"name\":\"Domovsk\u00e1 str\u00e1nka\",\"item\":\"https:\/\/invazky.daphne.sk\/cs\/\"},{\"@type\":\"ListItem\",\"position\":2,\"name\":\"Z\u00e1sady pou\u017e\u00edv\u00e1n\u00ed soubor\u016f cookie\"}]},{\"@type\":\"WebSite\",\"@id\":\"https:\/\/invazky.daphne.sk\/cs\/#website\",\"url\":\"https:\/\/invazky.daphne.sk\/cs\/\",\"name\":\"Mapujeme inv\u00e1zne rastliny, testujeme met\u00f3dy ich likvid\u00e1cie\",\"description\":\"Mapujeme inv\u00e1zne rastliny, testujeme met\u00f3dy ich likvid\u00e1cie\",\"potentialAction\":[{\"@type\":\"SearchAction\",\"target\":{\"@type\":\"EntryPoint\",\"urlTemplate\":\"https:\/\/invazky.daphne.sk\/cs\/?s={search_term_string}\"},\"query-input\":{\"@type\":\"PropertyValueSpecification\",\"valueRequired\":true,\"valueName\":\"search_term_string\"}}],\"inLanguage\":\"cs\"}]}<\/script>\n<!-- \/ Yoast SEO plugin. -->","yoast_head_json":{"title":"Z\u00e1sady pou\u017e\u00edv\u00e1n\u00ed soubor\u016f cookie - Inv\u00e1zne rastliny","robots":{"index":"index","follow":"follow","max-snippet":"max-snippet:-1","max-image-preview":"max-image-preview:large","max-video-preview":"max-video-preview:-1"},"canonical":"https:\/\/invazky.daphne.sk\/cs\/zasady-pouzivania-suborov-cookie-eu\/","og_locale":"cs_CZ","og_type":"article","og_title":"Z\u00e1sady pou\u017e\u00edv\u00e1n\u00ed soubor\u016f cookie - Inv\u00e1zne rastliny","og_description":"Z\u00e1sady pou\u017e\u00edv\u00e1n\u00ed soubor\u016f cookie D\u00e1tum \u00fa\u010dinnosti: 24. november 2025 Posledn\u00e1 aktualiz\u00e1cia: 24. november 2025 Co jsou soubory cookie? Tyto z\u00e1sady pou\u017e\u00edv\u00e1n\u00ed soubor\u016f cookie vysv\u011btluj\u00ed, co jsou soubory cookie, jak je pou\u017e\u00edv\u00e1me, jak\u00e9 typy soubor\u016f cookie pou\u017e\u00edv\u00e1me (tj. jak\u00e9 informace pomoc\u00ed soubor\u016f cookie shroma\u017e\u010fujeme a jak jsou tyto informace pou\u017e\u00edv\u00e1ny) a jak spravovat va\u0161e nastaven\u00ed soubor\u016f [&hellip;]","og_url":"https:\/\/invazky.daphne.sk\/cs\/zasady-pouzivania-suborov-cookie-eu\/","og_site_name":"Inv\u00e1zne rastliny","article_modified_time":"2026-04-09T10:55:06+00:00","twitter_card":"summary_large_image","twitter_misc":{"Odhadovan\u00e1 doba \u010dten\u00ed":"4 minuty"},"schema":{"@context":"https:\/\/schema.org","@graph":[{"@type":"WebPage","@id":"https:\/\/invazky.daphne.sk\/cs\/zasady-pouzivania-suborov-cookie-eu\/","url":"https:\/\/invazky.daphne.sk\/cs\/zasady-pouzivania-suborov-cookie-eu\/","name":"Z\u00e1sady pou\u017e\u00edv\u00e1n\u00ed soubor\u016f cookie - Inv\u00e1zne rastliny","isPartOf":{"@id":"https:\/\/invazky.daphne.sk\/cs\/#website"},"datePublished":"2025-11-24T12:14:30+00:00","dateModified":"2026-04-09T10:55:06+00:00","breadcrumb":{"@id":"https:\/\/invazky.daphne.sk\/cs\/zasady-pouzivania-suborov-cookie-eu\/#breadcrumb"},"inLanguage":"cs","potentialAction":[{"@type":"ReadAction","target":["https:\/\/invazky.daphne.sk\/cs\/zasady-pouzivania-suborov-cookie-eu\/"]}]},{"@type":"BreadcrumbList","@id":"https:\/\/invazky.daphne.sk\/cs\/zasady-pouzivania-suborov-cookie-eu\/#breadcrumb","itemListElement":[{"@type":"ListItem","position":1,"name":"Domovsk\u00e1 str\u00e1nka","item":"https:\/\/invazky.daphne.sk\/cs\/"},{"@type":"ListItem","position":2,"name":"Z\u00e1sady pou\u017e\u00edv\u00e1n\u00ed soubor\u016f cookie"}]},{"@type":"WebSite","@id":"https:\/\/invazky.daphne.sk\/cs\/#website","url":"https:\/\/invazky.daphne.sk\/cs\/","name":"Mapujeme inv\u00e1zne rastliny, testujeme met\u00f3dy ich likvid\u00e1cie","description":"Mapujeme inv\u00e1zne rastliny, testujeme met\u00f3dy ich likvid\u00e1cie","potentialAction":[{"@type":"SearchAction","target":{"@type":"EntryPoint","urlTemplate":"https:\/\/invazky.daphne.sk\/cs\/?s={search_term_string}"},"query-input":{"@type":"PropertyValueSpecification","valueRequired":true,"valueName":"search_term_string"}}],"inLanguage":"cs"}]}},"_links":{"self":[{"href":"https:\/\/invazky.daphne.sk\/cs\/wp-json\/wp\/v2\/pages\/192","targetHints":{"allow":["GET"]}}],"collection":[{"href":"https:\/\/invazky.daphne.sk\/cs\/wp-json\/wp\/v2\/pages"}],"about":[{"href":"https:\/\/invazky.daphne.sk\/cs\/wp-json\/wp\/v2\/types\/page"}],"author":[{"embeddable":true,"href":"https:\/\/invazky.daphne.sk\/cs\/wp-json\/wp\/v2\/users\/1"}],"replies":[{"embeddable":true,"href":"https:\/\/invazky.daphne.sk\/cs\/wp-json\/wp\/v2\/comments?post=192"}],"version-history":[{"count":4,"href":"https:\/\/invazky.daphne.sk\/cs\/wp-json\/wp\/v2\/pages\/192\/revisions"}],"predecessor-version":[{"id":342,"href":"https:\/\/invazky.daphne.sk\/cs\/wp-json\/wp\/v2\/pages\/192\/revisions\/342"}],"wp:attachment":[{"href":"https:\/\/invazky.daphne.sk\/cs\/wp-json\/wp\/v2\/media?parent=192"}],"curies":[{"name":"wp","href":"https:\/\/api.w.org\/{rel}","templated":true}]}}